{"id":211,"date":"2024-02-28T16:20:00","date_gmt":"2024-02-28T15:20:00","guid":{"rendered":"https:\/\/lauzeur.com\/?page_id=211"},"modified":"2024-02-29T10:26:54","modified_gmt":"2024-02-29T09:26:54","slug":"a-propos-de-nous","status":"publish","type":"page","link":"https:\/\/lauzeur.com\/fr\/a-propos-de-nous\/","title":{"rendered":"\u00c0 propos de nous"},"content":{"rendered":"\n<div class=\"wp-block-columns alignfull is-style-1-2\">\n<div class=\"wp-block-column\">\n<h1 class=\"wp-block-heading\">ASSOCIATION VALD\u00d4TAINE LAUZEURS<\/h1>\n\n\n\n<p>L \u2018Association Vald\u00f4taine Lauzeurs- Associazione Valdostana Losisti est n\u00e9e le 11 Avril, 2014 sur la colline de Nus&nbsp; dans le village de Petit F\u00e9nis.Font partie de&nbsp; l\u2019association la grande majorit\u00e9 des poseurs de lauzes la Vall\u00e9e d\u2019Aoste. Pour \u00eatre associ\u00e9s on doit avoir les qualit\u00e9s r\u00e9quises suivantes:<\/p>\n\n\n\n<ul class=\"wp-block-list\">\n<li>Etre r\u00e9sident et avoir&nbsp; l\u2019activit\u00e9&nbsp; professionelle dans le Val d\u2019Aoste<\/li>\n\n\n\n<li>\u00catre en possession du DURC : c\u2019est \u00e0 dire le certificat qui est d\u00e9livr\u00e9 aux entreprises qui sont en r\u00e8gle avec les paiements de s\u00e9curit\u00e9 sociale, le bien-\u00eatre et de l\u2019assurance<\/li>\n\n\n\n<li>Avoir au moins 10 ann\u00e9es d\u2019exp\u00e9rience de travail ou avoir travaill\u00e9 avec un autre lauzeur pendant au moins quatre ans<\/li>\n<\/ul>\n\n\n\n<p>Du 30 Juillet, 2014 tous ceux qui veulent faire partie de l\u2019association devront supporter un examen pratique<\/p>\n\n\n\n<h3 class=\"wp-block-heading\">Ils font partie du conseil d\u2019administration:<\/h3>\n\n\n\n<p><a href=\"http:\/\/www.lauzeur.com\/losisti\/champretavy-ettore\/\" target=\"_blank\" rel=\"noreferrer noopener\">Ettore Champr\u00e9tavy&nbsp;<\/a>(pr\u00e9sident)<br><a href=\"http:\/\/www.lauzeur.com\/losisti\/italo-arlian\/\" target=\"_blank\" rel=\"noreferrer noopener\">Italo Arlian&nbsp;<\/a>(vice-pr\u00e9sident)<br><a href=\"http:\/\/www.lauzeur.com\/losisti\/junod-livio-4\/?lang=fr\">Junod Livio<\/a>&nbsp;(secr\u00e9taire)<br><a href=\"http:\/\/www.lauzeur.com\/losisti\/andre-champretavy\/\" target=\"_blank\" rel=\"noreferrer noopener\">Andr\u00e9&nbsp;Champr\u00e9tavy<\/a>&nbsp;(tr\u00e9sorier)<br><a href=\"http:\/\/www.lauzeur.com\/losisti\/bullio-loris-2\/?lang=fr\">Bullio Loris<\/a><a href=\"http:\/\/www.lauzeur.com\/losisti\/roger-rosset\/\" target=\"_blank\" rel=\"noreferrer noopener\">&nbsp;<\/a>(directeur)<\/p>\n<\/div>\n\n\n\n<div class=\"wp-block-column\">\n<figure class=\"wp-block-gallery has-nested-images columns-default is-cropped wp-block-gallery-1\">\n<figure class=\"wp-block-image size-landscape_sm\"><a href=\"https:\/\/lauzeur.com\/wp-content\/uploads\/sites\/14\/2024\/02\/res_83d-Vens-Saint-Nicolas-550x344.jpg\"><img loading=\"lazy\" decoding=\"async\" width=\"550\" height=\"344\" data-id=\"104\" src=\"https:\/\/lauzeur.com\/wp-content\/uploads\/sites\/14\/2024\/02\/res_83d-Vens-Saint-Nicolas-550x344.jpg\" alt=\"\" class=\"wp-image-104\" srcset=\"https:\/\/lauzeur.com\/wp-content\/uploads\/sites\/14\/2024\/02\/res_83d-Vens-Saint-Nicolas-550x344.jpg 550w, https:\/\/lauzeur.com\/wp-content\/uploads\/sites\/14\/2024\/02\/res_83d-Vens-Saint-Nicolas-900x563.jpg 900w\" sizes=\"auto, (max-width: 550px) 100vw, 550px\" \/><\/a><\/figure>\n\n\n\n<figure class=\"wp-block-image size-landscape_sm\"><a href=\"https:\/\/lauzeur.com\/wp-content\/uploads\/sites\/14\/2024\/02\/res_36-vens-550x344.jpg\"><img loading=\"lazy\" decoding=\"async\" width=\"550\" height=\"344\" data-id=\"106\" src=\"https:\/\/lauzeur.com\/wp-content\/uploads\/sites\/14\/2024\/02\/res_36-vens-550x344.jpg\" alt=\"\" class=\"wp-image-106\" srcset=\"https:\/\/lauzeur.com\/wp-content\/uploads\/sites\/14\/2024\/02\/res_36-vens-550x344.jpg 550w, https:\/\/lauzeur.com\/wp-content\/uploads\/sites\/14\/2024\/02\/res_36-vens-900x563.jpg 900w\" sizes=\"auto, (max-width: 550px) 100vw, 550px\" \/><\/a><\/figure>\n\n\n\n<figure class=\"wp-block-image size-landscape_sm\"><a href=\"https:\/\/lauzeur.com\/wp-content\/uploads\/sites\/14\/2024\/02\/res_68-bis-Giovanni-Rosaire-e-Compagnoni-Renzo-tetto-in-lose-550x344.jpg\"><img loading=\"lazy\" decoding=\"async\" width=\"550\" height=\"344\" data-id=\"108\" src=\"https:\/\/lauzeur.com\/wp-content\/uploads\/sites\/14\/2024\/02\/res_68-bis-Giovanni-Rosaire-e-Compagnoni-Renzo-tetto-in-lose-550x344.jpg\" alt=\"\" class=\"wp-image-108\" srcset=\"https:\/\/lauzeur.com\/wp-content\/uploads\/sites\/14\/2024\/02\/res_68-bis-Giovanni-Rosaire-e-Compagnoni-Renzo-tetto-in-lose-550x344.jpg 550w, https:\/\/lauzeur.com\/wp-content\/uploads\/sites\/14\/2024\/02\/res_68-bis-Giovanni-Rosaire-e-Compagnoni-Renzo-tetto-in-lose-900x563.jpg 900w\" sizes=\"auto, (max-width: 550px) 100vw, 550px\" \/><\/a><\/figure>\n\n\n\n<figure class=\"wp-block-image size-landscape_sm\"><a href=\"https:\/\/lauzeur.com\/wp-content\/uploads\/sites\/14\/2024\/02\/res_71-Losisti-Gruppo-550x344.jpg\"><img loading=\"lazy\" decoding=\"async\" width=\"550\" height=\"344\" data-id=\"100\" src=\"https:\/\/lauzeur.com\/wp-content\/uploads\/sites\/14\/2024\/02\/res_71-Losisti-Gruppo-550x344.jpg\" alt=\"\" class=\"wp-image-100\" srcset=\"https:\/\/lauzeur.com\/wp-content\/uploads\/sites\/14\/2024\/02\/res_71-Losisti-Gruppo-550x344.jpg 550w, https:\/\/lauzeur.com\/wp-content\/uploads\/sites\/14\/2024\/02\/res_71-Losisti-Gruppo-900x563.jpg 900w\" sizes=\"auto, (max-width: 550px) 100vw, 550px\" \/><\/a><\/figure>\n<\/figure>\n<\/div>\n<\/div>\n","protected":false},"excerpt":{"rendered":"<p>ASSOCIATION VALD\u00d4TAINE LAUZEURS L \u2018Association Vald\u00f4taine Lauzeurs- Associazione Valdostana Losisti est n\u00e9e le 11 Avril, 2014 sur la colline de Nus&nbsp; dans le village de Petit F\u00e9nis.Font partie de&nbsp; l\u2019association la grande majorit\u00e9 des poseurs de lauzes la Vall\u00e9e d\u2019Aoste. Pour \u00eatre associ\u00e9s on doit avoir les qualit\u00e9s r\u00e9quises suivantes: Du 30 Juillet, 2014 tous [&hellip;]<\/p>\n","protected":false},"author":15,"featured_media":101,"parent":0,"menu_order":0,"comment_status":"closed","ping_status":"closed","template":"","meta":{"_acf_changed":false,"_monsterinsights_skip_tracking":false,"_monsterinsights_sitenote_active":false,"_monsterinsights_sitenote_note":"","_monsterinsights_sitenote_category":0,"footnotes":""},"class_list":["post-211","page","type-page","status-publish","has-post-thumbnail","hentry"],"acf":[],"_links":{"self":[{"href":"https:\/\/lauzeur.com\/fr\/wp-json\/wp\/v2\/pages\/211","targetHints":{"allow":["GET"]}}],"collection":[{"href":"https:\/\/lauzeur.com\/fr\/wp-json\/wp\/v2\/pages"}],"about":[{"href":"https:\/\/lauzeur.com\/fr\/wp-json\/wp\/v2\/types\/page"}],"author":[{"embeddable":true,"href":"https:\/\/lauzeur.com\/fr\/wp-json\/wp\/v2\/users\/15"}],"replies":[{"embeddable":true,"href":"https:\/\/lauzeur.com\/fr\/wp-json\/wp\/v2\/comments?post=211"}],"version-history":[{"count":5,"href":"https:\/\/lauzeur.com\/fr\/wp-json\/wp\/v2\/pages\/211\/revisions"}],"predecessor-version":[{"id":216,"href":"https:\/\/lauzeur.com\/fr\/wp-json\/wp\/v2\/pages\/211\/revisions\/216"}],"wp:featuredmedia":[{"embeddable":true,"href":"https:\/\/lauzeur.com\/fr\/wp-json\/wp\/v2\/media\/101"}],"wp:attachment":[{"href":"https:\/\/lauzeur.com\/fr\/wp-json\/wp\/v2\/media?parent=211"}],"curies":[{"name":"wp","href":"https:\/\/api.w.org\/{rel}","templated":true}]}}