{"id":217,"date":"2024-02-28T16:20:07","date_gmt":"2024-02-28T15:20:07","guid":{"rendered":"https:\/\/lauzeur.com\/?page_id=217"},"modified":"2024-02-29T10:26:54","modified_gmt":"2024-02-29T09:26:54","slug":"lhistoire","status":"publish","type":"page","link":"https:\/\/lauzeur.com\/fr\/lhistoire\/","title":{"rendered":"L\u2019Histoire"},"content":{"rendered":"\n<div class=\"wp-block-columns alignfull is-style-1-2\">\n<div class=\"wp-block-column\">\n<p>Anc\u00eatre de la plupart des lauzeurs vald\u00f4tains&nbsp;&nbsp; fu l\u2019inoubliable&nbsp; Joseph Roulet&nbsp; n\u00e9 en Arvier en 1909 et grand ma\u00eetre de nous tous.<br>Joseph \u00e9tait une figure charismatique avec une \u00e9nergie et une r\u00e9sistance hors de&nbsp; l\u2019ordinaire. Quand on lui demandait ce qui \u00e9tait l\u2019horaire quotidien pour un lauzeur&nbsp; il souriait en disant&nbsp; \u201d Du lever au coucher du soleil \u2026 \u201d<br>Pourtant, il savait vivre avec sagesse et disait: (! Les plus beaux moments de ma vie ont \u00e9t\u00e9 pass\u00e9es \u00e0 chanter) \u201d! Le PI Dzen&nbsp; moman de ma&nbsp; viya n\u2019i pass\u00f2 l\u00e8 eun tsant\u00e8n \u201d. Toutefois \u00e9galement il chantait&nbsp; sur les toits, parfois avec ses collaborateurs.<\/p>\n\n\n\n<p>Joseph a pr\u00e9sent\u00e9, d\u2019abord dans la vall\u00e9e, la&nbsp; nouvelle technique de pose&nbsp; a \u201d goutte \u201d ou \u201d a poeun \u201d (Dans le dialecte franco-proven\u00e7al) qui a supplant\u00e9 l\u2019ancien syst\u00e8me de pose \u201d vieille Fa\u00e7on \u201d dont Roulet \u00e9tait&nbsp; \u00e9galement expert .<\/p>\n\n\n\n<p>Les histoires orales disent que Joseph a enseign\u00e9 l\u2019art de la lauze&nbsp; \u00e0 plus de 20 artisans.&nbsp;Une autre \u00e9cole importante est celle&nbsp; de Nus o\u00f9&nbsp; vivent et travaillent de nombreuses familles de&nbsp; couvreurs.&nbsp;Les fondateurs de cette \u00e9cole ont \u00e9t\u00e9 ,au d\u00e9but du si\u00e8cle dernier, les&nbsp; fr\u00e8res Barratier.<br>Plus fragment\u00e9&nbsp; l\u2019histoire des poseurs&nbsp; de la basse vall\u00e9e, mais tout le monde a derri\u00e8re lui&nbsp; les histoires g\u00e9n\u00e9rationnelles d\u2019apprentissage.<\/p>\n<\/div>\n\n\n\n<div class=\"wp-block-column\">\n<figure class=\"wp-block-gallery has-nested-images columns-default is-cropped wp-block-gallery-1\">\n<figure class=\"wp-block-image size-square_sm\"><a href=\"https:\/\/lauzeur.com\/wp-content\/uploads\/sites\/14\/2024\/02\/res_Rene-e-Ettore-Champretavy-tetto-in-lose-con-dipendente-350x350.jpg\"><img loading=\"lazy\" decoding=\"async\" width=\"350\" height=\"350\" data-id=\"114\" src=\"https:\/\/lauzeur.com\/wp-content\/uploads\/sites\/14\/2024\/02\/res_Rene-e-Ettore-Champretavy-tetto-in-lose-con-dipendente-350x350.jpg\" alt=\"\" class=\"wp-image-114\" srcset=\"https:\/\/lauzeur.com\/wp-content\/uploads\/sites\/14\/2024\/02\/res_Rene-e-Ettore-Champretavy-tetto-in-lose-con-dipendente-350x350.jpg 350w, https:\/\/lauzeur.com\/wp-content\/uploads\/sites\/14\/2024\/02\/res_Rene-e-Ettore-Champretavy-tetto-in-lose-con-dipendente-150x150.jpg 150w, https:\/\/lauzeur.com\/wp-content\/uploads\/sites\/14\/2024\/02\/res_Rene-e-Ettore-Champretavy-tetto-in-lose-con-dipendente-900x900.jpg 900w, https:\/\/lauzeur.com\/wp-content\/uploads\/sites\/14\/2024\/02\/res_Rene-e-Ettore-Champretavy-tetto-in-lose-con-dipendente-600x600.jpg 600w\" sizes=\"auto, (max-width: 350px) 100vw, 350px\" \/><\/a><\/figure>\n\n\n\n<figure class=\"wp-block-image size-square_sm\"><a href=\"https:\/\/lauzeur.com\/wp-content\/uploads\/sites\/14\/2024\/02\/45-Roulet-50-arco-augusto-350x350.png\"><img loading=\"lazy\" decoding=\"async\" width=\"350\" height=\"350\" data-id=\"116\" src=\"https:\/\/lauzeur.com\/wp-content\/uploads\/sites\/14\/2024\/02\/45-Roulet-50-arco-augusto-350x350.png\" alt=\"\" class=\"wp-image-116\" srcset=\"https:\/\/lauzeur.com\/wp-content\/uploads\/sites\/14\/2024\/02\/45-Roulet-50-arco-augusto-350x350.png 350w, https:\/\/lauzeur.com\/wp-content\/uploads\/sites\/14\/2024\/02\/45-Roulet-50-arco-augusto-150x150.png 150w, https:\/\/lauzeur.com\/wp-content\/uploads\/sites\/14\/2024\/02\/45-Roulet-50-arco-augusto-900x900.png 900w, https:\/\/lauzeur.com\/wp-content\/uploads\/sites\/14\/2024\/02\/45-Roulet-50-arco-augusto-600x600.png 600w\" sizes=\"auto, (max-width: 350px) 100vw, 350px\" \/><\/a><\/figure>\n\n\n\n<figure class=\"wp-block-image size-square_sm\"><a href=\"https:\/\/lauzeur.com\/wp-content\/uploads\/sites\/14\/2024\/02\/res_68-bis-3-Arlian-Gicondo-350x350.jpg\"><img loading=\"lazy\" decoding=\"async\" width=\"350\" height=\"350\" data-id=\"118\" src=\"https:\/\/lauzeur.com\/wp-content\/uploads\/sites\/14\/2024\/02\/res_68-bis-3-Arlian-Gicondo-350x350.jpg\" alt=\"\" class=\"wp-image-118\" srcset=\"https:\/\/lauzeur.com\/wp-content\/uploads\/sites\/14\/2024\/02\/res_68-bis-3-Arlian-Gicondo-350x350.jpg 350w, https:\/\/lauzeur.com\/wp-content\/uploads\/sites\/14\/2024\/02\/res_68-bis-3-Arlian-Gicondo-150x150.jpg 150w, https:\/\/lauzeur.com\/wp-content\/uploads\/sites\/14\/2024\/02\/res_68-bis-3-Arlian-Gicondo-600x600.jpg 600w\" sizes=\"auto, (max-width: 350px) 100vw, 350px\" \/><\/a><\/figure>\n\n\n\n<figure class=\"wp-block-image size-square_sm\"><a href=\"https:\/\/lauzeur.com\/wp-content\/uploads\/sites\/14\/2024\/02\/res_79-Roulet-50-350x350.jpg\"><img loading=\"lazy\" decoding=\"async\" width=\"350\" height=\"350\" data-id=\"120\" src=\"https:\/\/lauzeur.com\/wp-content\/uploads\/sites\/14\/2024\/02\/res_79-Roulet-50-350x350.jpg\" alt=\"\" class=\"wp-image-120\" srcset=\"https:\/\/lauzeur.com\/wp-content\/uploads\/sites\/14\/2024\/02\/res_79-Roulet-50-350x350.jpg 350w, https:\/\/lauzeur.com\/wp-content\/uploads\/sites\/14\/2024\/02\/res_79-Roulet-50-150x150.jpg 150w, https:\/\/lauzeur.com\/wp-content\/uploads\/sites\/14\/2024\/02\/res_79-Roulet-50-600x600.jpg 600w\" sizes=\"auto, (max-width: 350px) 100vw, 350px\" \/><\/a><\/figure>\n\n\n\n<figure class=\"wp-block-image size-square_sm\"><a href=\"https:\/\/lauzeur.com\/wp-content\/uploads\/sites\/14\/2024\/02\/res_100_0802-350x350.jpg\"><img loading=\"lazy\" decoding=\"async\" width=\"350\" height=\"350\" data-id=\"122\" src=\"https:\/\/lauzeur.com\/wp-content\/uploads\/sites\/14\/2024\/02\/res_100_0802-350x350.jpg\" alt=\"\" class=\"wp-image-122\" srcset=\"https:\/\/lauzeur.com\/wp-content\/uploads\/sites\/14\/2024\/02\/res_100_0802-350x350.jpg 350w, https:\/\/lauzeur.com\/wp-content\/uploads\/sites\/14\/2024\/02\/res_100_0802-150x150.jpg 150w, https:\/\/lauzeur.com\/wp-content\/uploads\/sites\/14\/2024\/02\/res_100_0802-900x900.jpg 900w, https:\/\/lauzeur.com\/wp-content\/uploads\/sites\/14\/2024\/02\/res_100_0802-600x600.jpg 600w\" sizes=\"auto, (max-width: 350px) 100vw, 350px\" \/><\/a><\/figure>\n\n\n\n<figure class=\"wp-block-image size-square_sm\"><a href=\"https:\/\/lauzeur.com\/wp-content\/uploads\/sites\/14\/2024\/02\/res_IMG_6106-350x350.jpg\"><img loading=\"lazy\" decoding=\"async\" width=\"350\" height=\"350\" data-id=\"124\" src=\"https:\/\/lauzeur.com\/wp-content\/uploads\/sites\/14\/2024\/02\/res_IMG_6106-350x350.jpg\" alt=\"\" class=\"wp-image-124\" srcset=\"https:\/\/lauzeur.com\/wp-content\/uploads\/sites\/14\/2024\/02\/res_IMG_6106-350x350.jpg 350w, https:\/\/lauzeur.com\/wp-content\/uploads\/sites\/14\/2024\/02\/res_IMG_6106-150x150.jpg 150w, https:\/\/lauzeur.com\/wp-content\/uploads\/sites\/14\/2024\/02\/res_IMG_6106-900x900.jpg 900w, https:\/\/lauzeur.com\/wp-content\/uploads\/sites\/14\/2024\/02\/res_IMG_6106-600x600.jpg 600w\" sizes=\"auto, (max-width: 350px) 100vw, 350px\" \/><\/a><\/figure>\n\n\n\n<figure class=\"wp-block-image size-square_sm\"><a href=\"https:\/\/lauzeur.com\/wp-content\/uploads\/sites\/14\/2024\/02\/res_Rene-Champretavy-losista-tetti-coperture-Valle-dAosta-350x350.jpg\"><img loading=\"lazy\" decoding=\"async\" width=\"350\" height=\"350\" data-id=\"126\" src=\"https:\/\/lauzeur.com\/wp-content\/uploads\/sites\/14\/2024\/02\/res_Rene-Champretavy-losista-tetti-coperture-Valle-dAosta-350x350.jpg\" alt=\"\" class=\"wp-image-126\" srcset=\"https:\/\/lauzeur.com\/wp-content\/uploads\/sites\/14\/2024\/02\/res_Rene-Champretavy-losista-tetti-coperture-Valle-dAosta-350x350.jpg 350w, https:\/\/lauzeur.com\/wp-content\/uploads\/sites\/14\/2024\/02\/res_Rene-Champretavy-losista-tetti-coperture-Valle-dAosta-150x150.jpg 150w, https:\/\/lauzeur.com\/wp-content\/uploads\/sites\/14\/2024\/02\/res_Rene-Champretavy-losista-tetti-coperture-Valle-dAosta-900x900.jpg 900w, https:\/\/lauzeur.com\/wp-content\/uploads\/sites\/14\/2024\/02\/res_Rene-Champretavy-losista-tetti-coperture-Valle-dAosta-600x600.jpg 600w\" sizes=\"auto, (max-width: 350px) 100vw, 350px\" \/><\/a><\/figure>\n<\/figure>\n<\/div>\n<\/div>\n\n\n\n<hr class=\"wp-block-separator alignfull has-alpha-channel-opacity\"\/>\n\n\n\n<div class=\"wp-block-columns alignfull is-style-1-2\">\n<div class=\"wp-block-column\">\n<figure class=\"wp-block-gallery has-nested-images columns-2 is-cropped wp-block-gallery-2\">\n<figure class=\"wp-block-image size-landscape_sm\"><a href=\"https:\/\/lauzeur.com\/wp-content\/uploads\/sites\/14\/2024\/02\/res_Issime_Stubbi_2004-550x344.jpg\"><img loading=\"lazy\" decoding=\"async\" width=\"550\" height=\"344\" data-id=\"134\" src=\"https:\/\/lauzeur.com\/wp-content\/uploads\/sites\/14\/2024\/02\/res_Issime_Stubbi_2004-550x344.jpg\" alt=\"\" class=\"wp-image-134\" srcset=\"https:\/\/lauzeur.com\/wp-content\/uploads\/sites\/14\/2024\/02\/res_Issime_Stubbi_2004-550x344.jpg 550w, https:\/\/lauzeur.com\/wp-content\/uploads\/sites\/14\/2024\/02\/res_Issime_Stubbi_2004-900x563.jpg 900w\" sizes=\"auto, (max-width: 550px) 100vw, 550px\" \/><\/a><\/figure>\n\n\n\n<figure class=\"wp-block-image size-landscape_sm\"><a href=\"https:\/\/lauzeur.com\/wp-content\/uploads\/sites\/14\/2024\/02\/res_9-valgrisenche-cere-550x344.jpg\"><img loading=\"lazy\" decoding=\"async\" width=\"550\" height=\"344\" data-id=\"136\" src=\"https:\/\/lauzeur.com\/wp-content\/uploads\/sites\/14\/2024\/02\/res_9-valgrisenche-cere-550x344.jpg\" alt=\"\" class=\"wp-image-136\" srcset=\"https:\/\/lauzeur.com\/wp-content\/uploads\/sites\/14\/2024\/02\/res_9-valgrisenche-cere-550x344.jpg 550w, https:\/\/lauzeur.com\/wp-content\/uploads\/sites\/14\/2024\/02\/res_9-valgrisenche-cere-900x563.jpg 900w\" sizes=\"auto, (max-width: 550px) 100vw, 550px\" \/><\/a><\/figure>\n\n\n\n<figure class=\"wp-block-image size-landscape_sm\"><a href=\"https:\/\/lauzeur.com\/wp-content\/uploads\/sites\/14\/2024\/02\/res_IMG_6106-1-550x344.jpg\"><img loading=\"lazy\" decoding=\"async\" width=\"550\" height=\"344\" data-id=\"138\" src=\"https:\/\/lauzeur.com\/wp-content\/uploads\/sites\/14\/2024\/02\/res_IMG_6106-1-550x344.jpg\" alt=\"\" class=\"wp-image-138\" srcset=\"https:\/\/lauzeur.com\/wp-content\/uploads\/sites\/14\/2024\/02\/res_IMG_6106-1-550x344.jpg 550w, https:\/\/lauzeur.com\/wp-content\/uploads\/sites\/14\/2024\/02\/res_IMG_6106-1-900x563.jpg 900w\" sizes=\"auto, (max-width: 550px) 100vw, 550px\" \/><\/a><\/figure>\n<\/figure>\n<\/div>\n\n\n\n<div class=\"wp-block-column\">\n<h2 class=\"wp-block-heading\">Histoire des toitures<\/h2>\n\n\n\n<h4 class=\"wp-block-heading\">La Montagne sur les Toits<\/h4>\n\n\n\n<p>Depuis la nuit des temps les maisons du&nbsp; Val d\u2019Aoste ont \u00e9t\u00e9 recouvertes&nbsp; avec&nbsp; des dalles de pierre appel\u00e9es lauzes .<\/p>\n\n\n\n<p>Ces dalles de pierre, extraites de nos montagnes avec grand effort et habilet\u00e9, ont \u00e9t\u00e9 port\u00e9es sur les&nbsp; toitures, puis d\u00e9pos\u00e9es et mod\u00e9lis\u00e9s avec une \u00e9gale expertise par nos anc\u00eatres&nbsp; afin de&nbsp; prot\u00e9ger les maisons des pr\u00e9cipitations.<\/p>\n\n\n\n<p>Ces monuments de la Vall\u00e9e d\u2019Aoste, qui sont nos lauzes, ont pass\u00e9 l\u2019\u00e9preuve du temps et sont arriv\u00e9es&nbsp; jusqu\u2019\u00e0 nous presque toutes en excellent \u00e9tat. Nous avons&nbsp; encore ,dans n\u00f4tre Vall\u00e9e ,des toits&nbsp; datant du XV XVI si\u00e8cle avec les lauzes&nbsp; de cette m\u00eame \u00e9poque!<\/p>\n\n\n\n<p>Maleureusement grande&nbsp; partie de ces lauzes ont \u00e9t\u00e9 jet\u00e9s dans les d\u00e9charges comme d\u00e9chet. l\u2019Association&nbsp; Vald\u00f4taine Lauzeurs est n\u00e9 pour cela: D\u00c9FENDRE ce patrimoine oubli\u00e9 et donner une nouvelle dignit\u00e9 \u00e0 la mati\u00e8re et le travail de nos anc\u00eatres qui ont r\u00e9ussi \u00e0 ramener les montagnes sur le toit.<\/p>\n<\/div>\n<\/div>\n","protected":false},"excerpt":{"rendered":"<p>Anc\u00eatre de la plupart des lauzeurs vald\u00f4tains&nbsp;&nbsp; fu l\u2019inoubliable&nbsp; Joseph Roulet&nbsp; n\u00e9 en Arvier en 1909 et grand ma\u00eetre de nous tous.Joseph \u00e9tait une figure charismatique avec une \u00e9nergie et une r\u00e9sistance hors de&nbsp; l\u2019ordinaire. Quand on lui demandait ce qui \u00e9tait l\u2019horaire quotidien pour un lauzeur&nbsp; il souriait en disant&nbsp; \u201d Du lever au [&hellip;]<\/p>\n","protected":false},"author":15,"featured_media":109,"parent":0,"menu_order":0,"comment_status":"closed","ping_status":"closed","template":"","meta":{"_acf_changed":false,"_monsterinsights_skip_tracking":false,"_monsterinsights_sitenote_active":false,"_monsterinsights_sitenote_note":"","_monsterinsights_sitenote_category":0,"footnotes":""},"class_list":["post-217","page","type-page","status-publish","has-post-thumbnail","hentry"],"acf":[],"_links":{"self":[{"href":"https:\/\/lauzeur.com\/fr\/wp-json\/wp\/v2\/pages\/217","targetHints":{"allow":["GET"]}}],"collection":[{"href":"https:\/\/lauzeur.com\/fr\/wp-json\/wp\/v2\/pages"}],"about":[{"href":"https:\/\/lauzeur.com\/fr\/wp-json\/wp\/v2\/types\/page"}],"author":[{"embeddable":true,"href":"https:\/\/lauzeur.com\/fr\/wp-json\/wp\/v2\/users\/15"}],"replies":[{"embeddable":true,"href":"https:\/\/lauzeur.com\/fr\/wp-json\/wp\/v2\/comments?post=217"}],"version-history":[{"count":2,"href":"https:\/\/lauzeur.com\/fr\/wp-json\/wp\/v2\/pages\/217\/revisions"}],"predecessor-version":[{"id":248,"href":"https:\/\/lauzeur.com\/fr\/wp-json\/wp\/v2\/pages\/217\/revisions\/248"}],"wp:featuredmedia":[{"embeddable":true,"href":"https:\/\/lauzeur.com\/fr\/wp-json\/wp\/v2\/media\/109"}],"wp:attachment":[{"href":"https:\/\/lauzeur.com\/fr\/wp-json\/wp\/v2\/media?parent=217"}],"curies":[{"name":"wp","href":"https:\/\/api.w.org\/{rel}","templated":true}]}}