{"id":225,"date":"2024-02-28T16:20:34","date_gmt":"2024-02-28T15:20:34","guid":{"rendered":"https:\/\/lauzeur.com\/?page_id=225"},"modified":"2024-02-29T10:26:54","modified_gmt":"2024-02-29T09:26:54","slug":"les-lauzes","status":"publish","type":"page","link":"https:\/\/lauzeur.com\/fr\/les-lauzes\/","title":{"rendered":"Les Lauzes"},"content":{"rendered":"\n<div class=\"wp-block-columns alignfull are-vertically-aligned-center is-style-1-2\">\n<div class=\"wp-block-column is-vertically-aligned-center\">\n<h2 class=\"wp-block-heading is-style-line\">Gr\u00e8ce<\/h2>\n\n\n\n<p>Lauze gris \/ beige. \u00c9paisseur variable. Pierre a p\u00e2te dure (type quartzite) rugosit\u00e9 haute .Format tr\u00e8s variable. Elle s\u2019adapte bien pour la pose&nbsp; \u201d vieille Fa\u00e7on \u201d<\/p>\n\n\n\n<p>Poids 150 \u00e0 170 kg \/ m\u00b2.<\/p>\n<\/div>\n\n\n\n<div class=\"wp-block-column is-vertically-aligned-center\">\n<figure class=\"wp-block-gallery has-nested-images columns-default is-cropped wp-block-gallery-1\">\n<figure class=\"wp-block-image size-square_sm\"><a href=\"https:\/\/lauzeur.com\/wp-content\/uploads\/sites\/14\/2024\/02\/res_83d-Vens-Saint-Nicolas-1-350x350.jpg\"><img loading=\"lazy\" decoding=\"async\" width=\"350\" height=\"350\" data-id=\"148\" src=\"https:\/\/lauzeur.com\/wp-content\/uploads\/sites\/14\/2024\/02\/res_83d-Vens-Saint-Nicolas-1-350x350.jpg\" alt=\"\" class=\"wp-image-148\" srcset=\"https:\/\/lauzeur.com\/wp-content\/uploads\/sites\/14\/2024\/02\/res_83d-Vens-Saint-Nicolas-1-350x350.jpg 350w, https:\/\/lauzeur.com\/wp-content\/uploads\/sites\/14\/2024\/02\/res_83d-Vens-Saint-Nicolas-1-150x150.jpg 150w, https:\/\/lauzeur.com\/wp-content\/uploads\/sites\/14\/2024\/02\/res_83d-Vens-Saint-Nicolas-1-600x600.jpg 600w\" sizes=\"auto, (max-width: 350px) 100vw, 350px\" \/><\/a><\/figure>\n\n\n\n<figure class=\"wp-block-image size-square_sm\"><a href=\"https:\/\/lauzeur.com\/wp-content\/uploads\/sites\/14\/2024\/02\/res_foto-25-350x350.jpg\"><img loading=\"lazy\" decoding=\"async\" width=\"350\" height=\"350\" data-id=\"150\" src=\"https:\/\/lauzeur.com\/wp-content\/uploads\/sites\/14\/2024\/02\/res_foto-25-350x350.jpg\" alt=\"\" class=\"wp-image-150\" srcset=\"https:\/\/lauzeur.com\/wp-content\/uploads\/sites\/14\/2024\/02\/res_foto-25-350x350.jpg 350w, https:\/\/lauzeur.com\/wp-content\/uploads\/sites\/14\/2024\/02\/res_foto-25-150x150.jpg 150w, https:\/\/lauzeur.com\/wp-content\/uploads\/sites\/14\/2024\/02\/res_foto-25-600x600.jpg 600w\" sizes=\"auto, (max-width: 350px) 100vw, 350px\" \/><\/a><\/figure>\n<\/figure>\n<\/div>\n<\/div>\n\n\n\n<hr class=\"wp-block-separator alignfull has-alpha-channel-opacity\"\/>\n\n\n\n<div class=\"wp-block-columns alignfull are-vertically-aligned-center is-style-1-2\">\n<div class=\"wp-block-column is-vertically-aligned-center\">\n<figure class=\"wp-block-gallery has-nested-images columns-default is-cropped wp-block-gallery-2\">\n<figure class=\"wp-block-image size-square_sm\"><a href=\"https:\/\/lauzeur.com\/wp-content\/uploads\/sites\/14\/2024\/02\/Ediltetti-di-Junod-e-Riviello-10-rifatta-350x350.jpg\"><img loading=\"lazy\" decoding=\"async\" width=\"350\" height=\"350\" data-id=\"158\" src=\"https:\/\/lauzeur.com\/wp-content\/uploads\/sites\/14\/2024\/02\/Ediltetti-di-Junod-e-Riviello-10-rifatta-350x350.jpg\" alt=\"\" class=\"wp-image-158\" srcset=\"https:\/\/lauzeur.com\/wp-content\/uploads\/sites\/14\/2024\/02\/Ediltetti-di-Junod-e-Riviello-10-rifatta-350x350.jpg 350w, https:\/\/lauzeur.com\/wp-content\/uploads\/sites\/14\/2024\/02\/Ediltetti-di-Junod-e-Riviello-10-rifatta-150x150.jpg 150w, https:\/\/lauzeur.com\/wp-content\/uploads\/sites\/14\/2024\/02\/Ediltetti-di-Junod-e-Riviello-10-rifatta-900x900.jpg 900w, https:\/\/lauzeur.com\/wp-content\/uploads\/sites\/14\/2024\/02\/Ediltetti-di-Junod-e-Riviello-10-rifatta-600x600.jpg 600w\" sizes=\"auto, (max-width: 350px) 100vw, 350px\" \/><\/a><\/figure>\n\n\n\n<figure class=\"wp-block-image size-square_sm\"><a href=\"https:\/\/lauzeur.com\/wp-content\/uploads\/sites\/14\/2024\/02\/losai-3-350x350.jpg\"><img loading=\"lazy\" decoding=\"async\" width=\"350\" height=\"350\" data-id=\"160\" src=\"https:\/\/lauzeur.com\/wp-content\/uploads\/sites\/14\/2024\/02\/losai-3-350x350.jpg\" alt=\"\" class=\"wp-image-160\" srcset=\"https:\/\/lauzeur.com\/wp-content\/uploads\/sites\/14\/2024\/02\/losai-3-350x350.jpg 350w, https:\/\/lauzeur.com\/wp-content\/uploads\/sites\/14\/2024\/02\/losai-3-150x150.jpg 150w, https:\/\/lauzeur.com\/wp-content\/uploads\/sites\/14\/2024\/02\/losai-3-600x600.jpg 600w\" sizes=\"auto, (max-width: 350px) 100vw, 350px\" \/><\/a><\/figure>\n<\/figure>\n<\/div>\n\n\n\n<div class=\"wp-block-column is-vertically-aligned-center\">\n<h2 class=\"wp-block-heading is-style-line\">Luserna<\/h2>\n\n\n\n<p>Couleur qui passe du blanc au gris \/ vert, jaune \/ orange.Epaisseur tr\u00e8s variable. Pierre de excellente qualit\u00e9, tr\u00e8s dure (type de granit) et r\u00e9sistante. Rugosit\u00e9&nbsp; \u00e9l\u00e9v\u00e9.Format moyen Excellent rapport qualit\u00e9 \/ prix .<\/p>\n\n\n\n<p>Poids de 180 \u00e0 195 kg \/ m\u00b2.<\/p>\n<\/div>\n<\/div>\n\n\n\n<hr class=\"wp-block-separator alignfull has-alpha-channel-opacity\"\/>\n\n\n\n<div class=\"wp-block-columns alignfull are-vertically-aligned-center is-style-1-2\">\n<div class=\"wp-block-column is-vertically-aligned-center\">\n<h2 class=\"wp-block-heading is-style-line\">Morgex<\/h2>\n\n\n\n<p>La seule lauze encore exploit\u00e9 dans la Vall\u00e9e d\u2019Aoste. Gris argent. \u00c9paisseur variable. Pate de densit\u00e9 moyenne. Format moyen Rugosit\u00e9 moyenne. Id\u00e9ale pour la r\u00e9novation des b\u00e2timents anciens parce-que c\u2019est la lauze qui ressemble le plus aux pierres anciennes. <\/p>\n\n\n\n<p>Poids 150 \u00e0 170 Kg \/ m\u00b2<\/p>\n<\/div>\n\n\n\n<div class=\"wp-block-column is-vertically-aligned-center\">\n<figure class=\"wp-block-image size-landscape_md\"><a href=\"https:\/\/lauzeur.com\/wp-content\/uploads\/sites\/14\/2024\/02\/lose-di-morgex-900x563.jpg\"><img loading=\"lazy\" decoding=\"async\" width=\"900\" height=\"563\" src=\"https:\/\/lauzeur.com\/wp-content\/uploads\/sites\/14\/2024\/02\/lose-di-morgex-900x563.jpg\" alt=\"\" class=\"wp-image-164\" srcset=\"https:\/\/lauzeur.com\/wp-content\/uploads\/sites\/14\/2024\/02\/lose-di-morgex-900x563.jpg 900w, https:\/\/lauzeur.com\/wp-content\/uploads\/sites\/14\/2024\/02\/lose-di-morgex-1400x875.jpg 1400w, https:\/\/lauzeur.com\/wp-content\/uploads\/sites\/14\/2024\/02\/lose-di-morgex-550x344.jpg 550w\" sizes=\"auto, (max-width: 900px) 100vw, 900px\" \/><\/a><\/figure>\n<\/div>\n<\/div>\n\n\n\n<hr class=\"wp-block-separator alignfull has-alpha-channel-opacity\"\/>\n\n\n\n<div class=\"wp-block-columns alignfull are-vertically-aligned-center is-style-1-2\">\n<div class=\"wp-block-column is-vertically-aligned-center\">\n<figure class=\"wp-block-gallery has-nested-images columns-default is-cropped wp-block-gallery-3\">\n<figure class=\"wp-block-image size-square_md\"><a href=\"https:\/\/lauzeur.com\/wp-content\/uploads\/sites\/14\/2024\/02\/Italo-Arlian-Norvegia-600x600.jpg\"><img loading=\"lazy\" decoding=\"async\" width=\"600\" height=\"600\" data-id=\"169\" src=\"https:\/\/lauzeur.com\/wp-content\/uploads\/sites\/14\/2024\/02\/Italo-Arlian-Norvegia-600x600.jpg\" alt=\"\" class=\"wp-image-169\" srcset=\"https:\/\/lauzeur.com\/wp-content\/uploads\/sites\/14\/2024\/02\/Italo-Arlian-Norvegia-600x600.jpg 600w, https:\/\/lauzeur.com\/wp-content\/uploads\/sites\/14\/2024\/02\/Italo-Arlian-Norvegia-150x150.jpg 150w, https:\/\/lauzeur.com\/wp-content\/uploads\/sites\/14\/2024\/02\/Italo-Arlian-Norvegia-350x350.jpg 350w\" sizes=\"auto, (max-width: 600px) 100vw, 600px\" \/><\/a><\/figure>\n\n\n\n<figure class=\"wp-block-image size-square_md\"><a href=\"https:\/\/lauzeur.com\/wp-content\/uploads\/sites\/14\/2024\/02\/res_norvegia-5-ritaglio-600x600.jpg\"><img loading=\"lazy\" decoding=\"async\" width=\"600\" height=\"600\" data-id=\"171\" src=\"https:\/\/lauzeur.com\/wp-content\/uploads\/sites\/14\/2024\/02\/res_norvegia-5-ritaglio-600x600.jpg\" alt=\"\" class=\"wp-image-171\" srcset=\"https:\/\/lauzeur.com\/wp-content\/uploads\/sites\/14\/2024\/02\/res_norvegia-5-ritaglio-600x600.jpg 600w, https:\/\/lauzeur.com\/wp-content\/uploads\/sites\/14\/2024\/02\/res_norvegia-5-ritaglio-150x150.jpg 150w, https:\/\/lauzeur.com\/wp-content\/uploads\/sites\/14\/2024\/02\/res_norvegia-5-ritaglio-900x900.jpg 900w, https:\/\/lauzeur.com\/wp-content\/uploads\/sites\/14\/2024\/02\/res_norvegia-5-ritaglio-350x350.jpg 350w\" sizes=\"auto, (max-width: 600px) 100vw, 600px\" \/><\/a><\/figure>\n<\/figure>\n<\/div>\n\n\n\n<div class=\"wp-block-column is-vertically-aligned-center\">\n<h2 class=\"wp-block-heading is-style-line\">Norvege<\/h2>\n\n\n\n<p>Lauze de couleur uniforme vert \/gris. \u00c9paisseur tr\u00e8s uniforme. P\u00e2te tr\u00e8s dure&nbsp; (quartzite) Format&nbsp; grand parfois tr\u00e8s grand.Rugosit\u00e9 tr\u00e8s faible.<\/p>\n\n\n\n<p>Poids 120 \u00e0 130 kg \/ m\u00b2<\/p>\n<\/div>\n<\/div>\n\n\n\n<hr class=\"wp-block-separator alignfull has-alpha-channel-opacity\"\/>\n\n\n\n<div class=\"wp-block-columns alignfull are-vertically-aligned-center is-style-1-2\">\n<div class=\"wp-block-column is-vertically-aligned-center\">\n<h2 class=\"wp-block-heading\">Espagne<\/h2>\n\n\n\n<p>Lauze verte. \u00c9paisseur uniforme. P\u00e2tes de consistance moyenne (type serpentine) Format r\u00e9gulier (50\u00d770 ou 60\u00d780) rugosit\u00e9 faible.<\/p>\n\n\n\n<p>Poids de 80&nbsp;\u00e0 90&nbsp;kg par m\u00e8tre carr\u00e9.<\/p>\n<\/div>\n\n\n\n<div class=\"wp-block-column is-vertically-aligned-center\">\n<figure class=\"wp-block-image size-landscape_sm\"><a href=\"https:\/\/lauzeur.com\/wp-content\/uploads\/sites\/14\/2024\/02\/Spagna-ITalo-1-400x344.jpg\"><img loading=\"lazy\" decoding=\"async\" width=\"400\" height=\"344\" src=\"https:\/\/lauzeur.com\/wp-content\/uploads\/sites\/14\/2024\/02\/Spagna-ITalo-1-400x344.jpg\" alt=\"\" class=\"wp-image-176\"\/><\/a><\/figure>\n<\/div>\n<\/div>\n\n\n\n<hr class=\"wp-block-separator alignfull has-alpha-channel-opacity\"\/>\n\n\n\n<div class=\"wp-block-columns alignfull are-vertically-aligned-center is-style-1-2\">\n<div class=\"wp-block-column is-vertically-aligned-center\">\n<figure class=\"wp-block-gallery has-nested-images columns-2 is-cropped wp-block-gallery-4\">\n<figure class=\"wp-block-image size-landscape_sm\"><a href=\"https:\/\/lauzeur.com\/wp-content\/uploads\/sites\/14\/2024\/02\/100_0790-scaled.jpg\"><img loading=\"lazy\" decoding=\"async\" width=\"550\" height=\"344\" data-id=\"180\" src=\"https:\/\/lauzeur.com\/wp-content\/uploads\/sites\/14\/2024\/02\/100_0790-550x344.jpg\" alt=\"\" class=\"wp-image-180\" srcset=\"https:\/\/lauzeur.com\/wp-content\/uploads\/sites\/14\/2024\/02\/100_0790-550x344.jpg 550w, https:\/\/lauzeur.com\/wp-content\/uploads\/sites\/14\/2024\/02\/100_0790-1400x875.jpg 1400w, https:\/\/lauzeur.com\/wp-content\/uploads\/sites\/14\/2024\/02\/100_0790-900x563.jpg 900w\" sizes=\"auto, (max-width: 550px) 100vw, 550px\" \/><\/a><\/figure>\n\n\n\n<figure class=\"wp-block-image size-landscape_sm\"><a href=\"https:\/\/lauzeur.com\/wp-content\/uploads\/sites\/14\/2024\/02\/Lose-di-recupero-Italo-Arlian-1-550x344.jpg\"><img loading=\"lazy\" decoding=\"async\" width=\"550\" height=\"344\" data-id=\"182\" src=\"https:\/\/lauzeur.com\/wp-content\/uploads\/sites\/14\/2024\/02\/Lose-di-recupero-Italo-Arlian-1-550x344.jpg\" alt=\"\" class=\"wp-image-182\"\/><\/a><\/figure>\n\n\n\n<figure class=\"wp-block-image size-landscape_sm\"><a href=\"https:\/\/lauzeur.com\/wp-content\/uploads\/sites\/14\/2024\/02\/tetto-jean-e-tetto-introd-031-scaled.jpg\"><img loading=\"lazy\" decoding=\"async\" width=\"550\" height=\"344\" data-id=\"184\" src=\"https:\/\/lauzeur.com\/wp-content\/uploads\/sites\/14\/2024\/02\/tetto-jean-e-tetto-introd-031-550x344.jpg\" alt=\"\" class=\"wp-image-184\" srcset=\"https:\/\/lauzeur.com\/wp-content\/uploads\/sites\/14\/2024\/02\/tetto-jean-e-tetto-introd-031-550x344.jpg 550w, https:\/\/lauzeur.com\/wp-content\/uploads\/sites\/14\/2024\/02\/tetto-jean-e-tetto-introd-031-1400x875.jpg 1400w, https:\/\/lauzeur.com\/wp-content\/uploads\/sites\/14\/2024\/02\/tetto-jean-e-tetto-introd-031-900x563.jpg 900w\" sizes=\"auto, (max-width: 550px) 100vw, 550px\" \/><\/a><\/figure>\n<\/figure>\n<\/div>\n\n\n\n<div class=\"wp-block-column is-vertically-aligned-center\">\n<h2 class=\"wp-block-heading\">Recuperation<\/h2>\n\n\n\n<p><strong>es lauzes peuvent \u00eatre r\u00e9cup\u00e9r\u00e9es dans la plupart des cas<\/strong>. Chaque lauzeur est\u00a0 capable\u00a0 de\u00a0 \u00e9valuer si peut \u00eatre convenable la r\u00e9utilisation\u00a0 ou moin du mat\u00e9riel.<\/p>\n\n\n\n<p>Les lauzes de r\u00e9cup\u00e9ration ont\u00a0 des \u00e9paisseurs,des couleurs et des format\u00a0 tr\u00e8s variables et g\u00e9n\u00e9ralement sont de\u00a0<strong>tr\u00e8s bonne qualit\u00e9.<\/strong><\/p>\n<\/div>\n<\/div>\n","protected":false},"excerpt":{"rendered":"<p>Gr\u00e8ce Lauze gris \/ beige. \u00c9paisseur variable. Pierre a p\u00e2te dure (type quartzite) rugosit\u00e9 haute .Format tr\u00e8s variable. Elle s\u2019adapte bien pour la pose&nbsp; \u201d vieille Fa\u00e7on \u201d Poids 150 \u00e0 170 kg \/ m\u00b2. Luserna Couleur qui passe du blanc au gris \/ vert, jaune \/ orange.Epaisseur tr\u00e8s variable. Pierre de excellente qualit\u00e9, tr\u00e8s [&hellip;]<\/p>\n","protected":false},"author":15,"featured_media":165,"parent":0,"menu_order":0,"comment_status":"closed","ping_status":"closed","template":"","meta":{"_acf_changed":false,"_monsterinsights_skip_tracking":false,"_monsterinsights_sitenote_active":false,"_monsterinsights_sitenote_note":"","_monsterinsights_sitenote_category":0,"footnotes":""},"class_list":["post-225","page","type-page","status-publish","has-post-thumbnail","hentry"],"acf":[],"_links":{"self":[{"href":"https:\/\/lauzeur.com\/fr\/wp-json\/wp\/v2\/pages\/225","targetHints":{"allow":["GET"]}}],"collection":[{"href":"https:\/\/lauzeur.com\/fr\/wp-json\/wp\/v2\/pages"}],"about":[{"href":"https:\/\/lauzeur.com\/fr\/wp-json\/wp\/v2\/types\/page"}],"author":[{"embeddable":true,"href":"https:\/\/lauzeur.com\/fr\/wp-json\/wp\/v2\/users\/15"}],"replies":[{"embeddable":true,"href":"https:\/\/lauzeur.com\/fr\/wp-json\/wp\/v2\/comments?post=225"}],"version-history":[{"count":2,"href":"https:\/\/lauzeur.com\/fr\/wp-json\/wp\/v2\/pages\/225\/revisions"}],"predecessor-version":[{"id":228,"href":"https:\/\/lauzeur.com\/fr\/wp-json\/wp\/v2\/pages\/225\/revisions\/228"}],"wp:featuredmedia":[{"embeddable":true,"href":"https:\/\/lauzeur.com\/fr\/wp-json\/wp\/v2\/media\/165"}],"wp:attachment":[{"href":"https:\/\/lauzeur.com\/fr\/wp-json\/wp\/v2\/media?parent=225"}],"curies":[{"name":"wp","href":"https:\/\/api.w.org\/{rel}","templated":true}]}}