{"id":233,"date":"2024-02-28T16:20:57","date_gmt":"2024-02-28T15:20:57","guid":{"rendered":"https:\/\/lauzeur.com\/?page_id=233"},"modified":"2024-02-29T10:26:55","modified_gmt":"2024-02-29T09:26:55","slug":"partner","status":"publish","type":"page","link":"https:\/\/lauzeur.com\/fr\/partner\/","title":{"rendered":"Partner"},"content":{"rendered":"\n<figure class=\"wp-block-image size-full\"><a href=\"http:\/\/www.tascapan.com\/\" target=\"_blank\" rel=\"noreferrer noopener\"><img loading=\"lazy\" decoding=\"async\" width=\"2332\" height=\"849\" src=\"https:\/\/lauzeur.com\/wp-content\/uploads\/sites\/14\/2024\/02\/Logo-Tascapan-Prodotti-tipici-valle-daosta-normale.png\" alt=\"\" class=\"wp-image-207\" srcset=\"https:\/\/lauzeur.com\/wp-content\/uploads\/sites\/14\/2024\/02\/Logo-Tascapan-Prodotti-tipici-valle-daosta-normale.png 2332w, https:\/\/lauzeur.com\/wp-content\/uploads\/sites\/14\/2024\/02\/Logo-Tascapan-Prodotti-tipici-valle-daosta-normale-1536x559.png 1536w, https:\/\/lauzeur.com\/wp-content\/uploads\/sites\/14\/2024\/02\/Logo-Tascapan-Prodotti-tipici-valle-daosta-normale-2048x746.png 2048w, https:\/\/lauzeur.com\/wp-content\/uploads\/sites\/14\/2024\/02\/Logo-Tascapan-Prodotti-tipici-valle-daosta-normale-1024x373.png 1024w, https:\/\/lauzeur.com\/wp-content\/uploads\/sites\/14\/2024\/02\/Logo-Tascapan-Prodotti-tipici-valle-daosta-normale-600x218.png 600w, https:\/\/lauzeur.com\/wp-content\/uploads\/sites\/14\/2024\/02\/Logo-Tascapan-Prodotti-tipici-valle-daosta-normale-350x127.png 350w\" sizes=\"auto, (max-width: 2332px) 100vw, 2332px\" \/><\/a><\/figure>\n\n\n\n<p>Ce website utilise un server\u00a0<a href=\"http:\/\/www.nanosistemi.it\/\" target=\"_blank\" rel=\"noreferrer noopener\">NanoSistemi<\/a>\u00a0et a \u00e9t\u00e9 realis\u00e9 par\u00a0<a href=\"http:\/\/servizi.langhe.net\/\" target=\"_blank\" rel=\"noreferrer noopener\">Glocal Web<\/a>.<\/p>\n","protected":false},"excerpt":{"rendered":"<p>Ce website utilise un server\u00a0NanoSistemi\u00a0et a \u00e9t\u00e9 realis\u00e9 par\u00a0Glocal Web.<\/p>\n","protected":false},"author":15,"featured_media":0,"parent":0,"menu_order":0,"comment_status":"closed","ping_status":"closed","template":"","meta":{"_acf_changed":false,"_monsterinsights_skip_tracking":false,"_monsterinsights_sitenote_active":false,"_monsterinsights_sitenote_note":"","_monsterinsights_sitenote_category":0,"footnotes":""},"class_list":["post-233","page","type-page","status-publish","hentry"],"acf":[],"_links":{"self":[{"href":"https:\/\/lauzeur.com\/fr\/wp-json\/wp\/v2\/pages\/233","targetHints":{"allow":["GET"]}}],"collection":[{"href":"https:\/\/lauzeur.com\/fr\/wp-json\/wp\/v2\/pages"}],"about":[{"href":"https:\/\/lauzeur.com\/fr\/wp-json\/wp\/v2\/types\/page"}],"author":[{"embeddable":true,"href":"https:\/\/lauzeur.com\/fr\/wp-json\/wp\/v2\/users\/15"}],"replies":[{"embeddable":true,"href":"https:\/\/lauzeur.com\/fr\/wp-json\/wp\/v2\/comments?post=233"}],"version-history":[{"count":1,"href":"https:\/\/lauzeur.com\/fr\/wp-json\/wp\/v2\/pages\/233\/revisions"}],"predecessor-version":[{"id":234,"href":"https:\/\/lauzeur.com\/fr\/wp-json\/wp\/v2\/pages\/233\/revisions\/234"}],"wp:attachment":[{"href":"https:\/\/lauzeur.com\/fr\/wp-json\/wp\/v2\/media?parent=233"}],"curies":[{"name":"wp","href":"https:\/\/api.w.org\/{rel}","templated":true}]}}